{"id":252909,"date":"2020-07-01T10:42:08","date_gmt":"2020-07-01T09:42:08","guid":{"rendered":"https:\/\/www.futurecobioscience.com\/inicio\/"},"modified":"2025-12-11T20:28:20","modified_gmt":"2025-12-11T19:28:20","slug":"inicio-pt","status":"publish","type":"page","link":"https:\/\/www.futurecobioscience.com\/pt-pt\/","title":{"rendered":"Princ\u00edpio"},"content":{"rendered":"<h1 class=\"wp-block-heading\">CRIAMOS VALOR A PARTIR DO CONHECIMENTO<\/h1>PRODUCTOS PARA LA PROTECCI\u00d3N Y NUTRICI\u00d3N DE LOS CULTIVOS<div class=\"wp-block-buttons is-layout-flex wp-block-buttons-is-layout-flex\"><div class=\"wp-block-button\"><a class=\"wp-block-button__link\">Descubra-nos<\/a><\/div><\/div><h2 class=\"wp-block-heading\">Cat\u00e1logo de Produtos de Biotecnologia<\/h2><h3 class=\"wp-block-heading\">BIOCONTROLE<\/h3><h3 class=\"wp-block-heading\">BIOESTIMULANTE<\/h3><h3 class=\"wp-block-heading\">Atuadores de Fender<\/h3><h3 class=\"wp-block-heading\">CORRETORES DE DEFICI\u00caNCIA<\/h3><h3 class=\"wp-block-heading\">REGENERATORES de Solo<\/h3><figure class=\"wp-block-image size-full\"><img loading=\"lazy\" decoding=\"async\" width=\"170\" height=\"176\" src=\"https:\/\/www.futurecobioscience.com\/wp-content\/uploads\/2021\/09\/Trazado-51011.png\" alt=\"\" class=\"wp-image-240763\"><\/figure><h2 class=\"wp-block-heading\">Produtos biotecnol\u00f3gicos para agricultura sustent\u00e1vel<\/h2><p>Criada em 1993 e sediada em Ol\u00e8rdola (Barcelona), a Futureco Bioscience \u00e9 uma empresa de agrobiotecnologia dedicada \u00e0 pesquisa e inova\u00e7\u00e3o de produtos para prote\u00e7\u00e3o de culturas e nutri\u00e7\u00e3o. Caracterizada desde sua cria\u00e7\u00e3o por um forte investimento em P+D e por uma abordagem ecol\u00f3gica e sustent\u00e1vel, com vista para a agricultura regenerativa, a empresa se destaca por sua organiza\u00e7\u00e3o &#8220;interna&#8221;. Desenvolvendo e fabricando seus pr\u00f3prios produtos biotecnol\u00f3gicos a partir de sua pr\u00f3pria sede e comercializando-os globalmente: est\u00e1 presente em mais de 40 pa\u00edses e conta com parceiros, colaboradores e parceiros em todo o mundo.  <\/p><div class=\"wp-block-buttons is-layout-flex wp-block-buttons-is-layout-flex\"><div class=\"wp-block-button\"><a class=\"wp-block-button__link\">DESCUBRA-NOS<\/a><\/div><\/div><figure class=\"wp-block-embed-youtube wp-block-embed is-type-video is-provider-youtube\"><div class=\"wp-block-embed__wrapper\">https:\/\/www.youtube-nocookie.com\/watch?v=wIzQjnbym6w<\/div><\/figure>Innovaci\u00f3n <br\/>Sostenibilidad y Cultura Ambiental\nCalidad y Compromiso<figure class=\"wp-block-image size-full\"><img loading=\"lazy\" decoding=\"async\" width=\"255\" height=\"420\" src=\"https:\/\/www.futurecobioscience.com\/wp-content\/uploads\/2021\/09\/bg-2.png\" alt=\"\" class=\"wp-image-241105\" srcset=\"https:\/\/www.futurecobioscience.com\/wp-content\/uploads\/2021\/09\/bg-2.png 255w, https:\/\/www.futurecobioscience.com\/wp-content\/uploads\/2021\/09\/bg-2-182x300.png 182w\" sizes=\"auto, (max-width: 255px) 100vw, 255px\" \/><\/figure><figure class=\"wp-block-image size-full\"><img loading=\"lazy\" decoding=\"async\" width=\"340\" height=\"96\" src=\"https:\/\/www.futurecobioscience.com\/wp-content\/uploads\/2021\/09\/NoPath.png\" alt=\"\" class=\"wp-image-240832\" srcset=\"https:\/\/www.futurecobioscience.com\/wp-content\/uploads\/2021\/09\/NoPath.png 340w, https:\/\/www.futurecobioscience.com\/wp-content\/uploads\/2021\/09\/NoPath-300x85.png 300w\" sizes=\"auto, (max-width: 340px) 100vw, 340px\" \/><\/figure>MICROBIAL ENGINEERING APPLIED TO CROP PRODUCTION<div class=\"wp-block-buttons is-layout-flex wp-block-buttons-is-layout-flex\"><div class=\"wp-block-button\"><a class=\"wp-block-button__link\">SAIBA MAIS<\/a><\/div><\/div><h2 class=\"wp-block-heading\">Not\u00edcias e desenvolvimentos sobre sustentabilidade<\/h2><div class=\"wp-block-buttons is-layout-flex wp-block-buttons-is-layout-flex\"><div class=\"wp-block-button\"><a class=\"wp-block-button__link\">VEJA TUDO<\/a><\/div><\/div><figure class=\"wp-block-image size-large\"><img loading=\"lazy\" decoding=\"async\" width=\"1024\" height=\"538\" src=\"https:\/\/www.futurecobioscience.com\/wp-content\/uploads\/2022\/06\/op_home-1024x538.jpg\" alt=\"\" class=\"wp-image-245487\" srcset=\"https:\/\/www.futurecobioscience.com\/wp-content\/uploads\/2022\/06\/op_home-1024x538.jpg 1024w, https:\/\/www.futurecobioscience.com\/wp-content\/uploads\/2022\/06\/op_home-300x158.jpg 300w, https:\/\/www.futurecobioscience.com\/wp-content\/uploads\/2022\/06\/op_home-768x403.jpg 768w, https:\/\/www.futurecobioscience.com\/wp-content\/uploads\/2022\/06\/op_home-1080x567.jpg 1080w, https:\/\/www.futurecobioscience.com\/wp-content\/uploads\/2022\/06\/op_home-980x515.jpg 980w, https:\/\/www.futurecobioscience.com\/wp-content\/uploads\/2022\/06\/op_home-480x252.jpg 480w, https:\/\/www.futurecobioscience.com\/wp-content\/uploads\/2022\/06\/op_home-600x315.jpg 600w, https:\/\/www.futurecobioscience.com\/wp-content\/uploads\/2022\/06\/op_home.jpg 1200w\" sizes=\"auto, (max-width: 1024px) 100vw, 1024px\" \/><\/figure>{post_date}{post_title}<h2 class=\"wp-block-heading\">Produtos biotecnol\u00f3gicos em destaque<\/h2><h3 class=\"has-text-align-center wp-block-heading\">{post_title}<\/h3><figure class=\"wp-block-image size-large\"><a><img loading=\"lazy\" decoding=\"async\" width=\"1024\" height=\"538\" src=\"https:\/\/www.futurecobioscience.com\/wp-content\/uploads\/2022\/06\/op_home-1024x538.jpg\" alt=\"\" class=\"wp-image-245487\" srcset=\"https:\/\/www.futurecobioscience.com\/wp-content\/uploads\/2022\/06\/op_home-1024x538.jpg 1024w, https:\/\/www.futurecobioscience.com\/wp-content\/uploads\/2022\/06\/op_home-300x158.jpg 300w, https:\/\/www.futurecobioscience.com\/wp-content\/uploads\/2022\/06\/op_home-768x403.jpg 768w, https:\/\/www.futurecobioscience.com\/wp-content\/uploads\/2022\/06\/op_home-1080x567.jpg 1080w, https:\/\/www.futurecobioscience.com\/wp-content\/uploads\/2022\/06\/op_home-980x515.jpg 980w, https:\/\/www.futurecobioscience.com\/wp-content\/uploads\/2022\/06\/op_home-480x252.jpg 480w, https:\/\/www.futurecobioscience.com\/wp-content\/uploads\/2022\/06\/op_home-600x315.jpg 600w, https:\/\/www.futurecobioscience.com\/wp-content\/uploads\/2022\/06\/op_home.jpg 1200w\" sizes=\"auto, (max-width: 1024px) 100vw, 1024px\" \/><\/a><\/figure>{post_excerpt}<figure class=\"wp-block-image size-full\"><img loading=\"lazy\" decoding=\"async\" width=\"170\" height=\"176\" src=\"https:\/\/www.futurecobioscience.com\/wp-content\/uploads\/2021\/09\/Trazado-51011.png\" alt=\"\" class=\"wp-image-240763\"><\/figure>","protected":false},"excerpt":{"rendered":"<p>CRIAMOS VALOR A PARTIR DO CONHECIMENTO PRODUCTOS PARA LA PROTECCI\u00d3N Y NUTRICI\u00d3N DE LOS CULTIVOS Cat\u00e1logo de Produtos de Biotecnologia BIOCONTROLE BIOESTIMULANTE Atuadores de Fender CORRETORES DE DEFICI\u00caNCIA REGENERATORES de Solo Produtos biotecnol\u00f3gicos para agricultura sustent\u00e1vel Criada em 1993 e sediada em Ol\u00e8rdola (Barcelona), a Futureco Bioscience \u00e9 uma empresa de agrobiotecnologia dedicada \u00e0 pesquisa [&hellip;]<\/p>\n","protected":false},"author":3,"featured_media":0,"parent":0,"menu_order":0,"comment_status":"closed","ping_status":"closed","template":"","meta":{"_acf_changed":false,"footnotes":""},"class_list":["post-252909","page","type-page","status-publish","hentry"],"acf":[],"_links":{"self":[{"href":"https:\/\/www.futurecobioscience.com\/pt-pt\/wp-json\/wp\/v2\/pages\/252909","targetHints":{"allow":["GET"]}}],"collection":[{"href":"https:\/\/www.futurecobioscience.com\/pt-pt\/wp-json\/wp\/v2\/pages"}],"about":[{"href":"https:\/\/www.futurecobioscience.com\/pt-pt\/wp-json\/wp\/v2\/types\/page"}],"author":[{"embeddable":true,"href":"https:\/\/www.futurecobioscience.com\/pt-pt\/wp-json\/wp\/v2\/users\/3"}],"replies":[{"embeddable":true,"href":"https:\/\/www.futurecobioscience.com\/pt-pt\/wp-json\/wp\/v2\/comments?post=252909"}],"version-history":[{"count":0,"href":"https:\/\/www.futurecobioscience.com\/pt-pt\/wp-json\/wp\/v2\/pages\/252909\/revisions"}],"wp:attachment":[{"href":"https:\/\/www.futurecobioscience.com\/pt-pt\/wp-json\/wp\/v2\/media?parent=252909"}],"curies":[{"name":"wp","href":"https:\/\/api.w.org\/{rel}","templated":true}]}}