{"id":252864,"date":"2020-07-01T11:32:16","date_gmt":"2020-07-01T10:32:16","guid":{"rendered":"https:\/\/www.futurecobioscience.com\/nota-legal\/"},"modified":"2025-12-11T19:02:37","modified_gmt":"2025-12-11T18:02:37","slug":"nota-legal","status":"publish","type":"page","link":"https:\/\/www.futurecobioscience.com\/pt-pt\/nota-legal\/","title":{"rendered":"Aviso jur\u00eddico"},"content":{"rendered":"<p><strong>Datos fiscales<\/strong><\/p>\n<ul>\n<li>Titular: Futureco Bioscience<\/li>\n<li>NIF: A63471908<\/li>\n<li>Direcci\u00f3n: Av. del Cad\u00ed, 19-23 P.l. Sant Pere Molanta 08799 Ol\u00e8rdola, Barcelona Espa\u00f1a (ES)<\/li>\n<li>Tel\u00e9fono: +34 938 182 891<\/li>\n<\/ul>\n<p><strong>Protecci\u00f3n de datos personales<\/strong><\/p>\n<p>Los datos de car\u00e1cter personal que se recogen a trav\u00e9s de la p\u00e1gina web, son \u00fanicamente utilizados a efectos de prestar los servicios solicitados as\u00ed como proceder a la facturaci\u00f3n de los mismos. Sus datos ser\u00e1n ubicados en ficheros titularidad de Futureco Bioscience a efectos de facturaci\u00f3n y ser\u00e1n archivados por el periodo de tiempo legalmente necesario. Usted podr\u00e1 ejercer los derechos de acceso, rectificaci\u00f3n, cancelaci\u00f3n y oposici\u00f3n por escrito a Futureco Bioscience en Av. del Cad\u00ed, 19-23 P.l. Sant Pere Molanta 08799 Ol\u00e8rdola, Barcelona Espa\u00f1a (ES).<\/p>\n<p><strong>Propiedad intelectual y responsabilidad sobre los contenidos<\/strong><\/p>\n<p>Queda prohibido cualquier uso de todos los contenidos de la p\u00e1gina web, concretamente sobre los textos, dise\u00f1o y c\u00f3digo fuente, sin la autorizaci\u00f3n expresa de sus titulares. Cualquier uso no permitido ser\u00e1 debidamente perseguido por los leg\u00edtimos propietarios.<\/p>\n<p>El titular de la p\u00e1gina web no se hace responsable de los contenidos a los que se dirigen los enlaces ubicados en \u00e9sta, seg\u00fan lo que establece el art\u00edculo 17 de la LSSICE.<\/p>\n","protected":false},"excerpt":{"rendered":"<p>Datos fiscales Titular: Futureco Bioscience NIF: A63471908 Direcci\u00f3n: Av. del Cad\u00ed, 19-23 P.l. Sant Pere Molanta 08799 Ol\u00e8rdola, Barcelona Espa\u00f1a (ES) Tel\u00e9fono: +34 938 182 891 Protecci\u00f3n de datos personales Los datos de car\u00e1cter personal que se recogen a trav\u00e9s de la p\u00e1gina web, son \u00fanicamente utilizados a efectos de prestar los servicios solicitados as\u00ed [&hellip;]<\/p>\n","protected":false},"author":4,"featured_media":0,"parent":0,"menu_order":0,"comment_status":"closed","ping_status":"closed","template":"","meta":{"_acf_changed":false,"footnotes":""},"class_list":["post-252864","page","type-page","status-publish","hentry"],"acf":[],"_links":{"self":[{"href":"https:\/\/www.futurecobioscience.com\/pt-pt\/wp-json\/wp\/v2\/pages\/252864","targetHints":{"allow":["GET"]}}],"collection":[{"href":"https:\/\/www.futurecobioscience.com\/pt-pt\/wp-json\/wp\/v2\/pages"}],"about":[{"href":"https:\/\/www.futurecobioscience.com\/pt-pt\/wp-json\/wp\/v2\/types\/page"}],"author":[{"embeddable":true,"href":"https:\/\/www.futurecobioscience.com\/pt-pt\/wp-json\/wp\/v2\/users\/4"}],"replies":[{"embeddable":true,"href":"https:\/\/www.futurecobioscience.com\/pt-pt\/wp-json\/wp\/v2\/comments?post=252864"}],"version-history":[{"count":0,"href":"https:\/\/www.futurecobioscience.com\/pt-pt\/wp-json\/wp\/v2\/pages\/252864\/revisions"}],"wp:attachment":[{"href":"https:\/\/www.futurecobioscience.com\/pt-pt\/wp-json\/wp\/v2\/media?parent=252864"}],"curies":[{"name":"wp","href":"https:\/\/api.w.org\/{rel}","templated":true}]}}