{"id":252786,"date":"2020-07-01T11:33:23","date_gmt":"2020-07-01T10:33:23","guid":{"rendered":"https:\/\/www.futurecobioscience.com\/politica-cookies\/"},"modified":"2025-12-11T19:02:21","modified_gmt":"2025-12-11T18:02:21","slug":"politica-cookies","status":"publish","type":"page","link":"https:\/\/www.futurecobioscience.com\/pt-pt\/politica-cookies\/","title":{"rendered":"Pol\u00edtica de Cookies"},"content":{"rendered":"<h2>\u00bfQu\u00e9 son las cookies?<\/h2>\n<p>Cookie es un fichero que se descarga en su ordenador al acceder a determinadas p\u00e1ginas web. Las cookies permiten a una p\u00e1gina web, entre otras cosas, almacenar y recuperar informaci\u00f3n sobre los h\u00e1bitos de navegaci\u00f3n de un usuario o de su equipo y, dependiendo de la informaci\u00f3n que contengan y de la forma en que utilice su equipo, pueden utilizarse para reconocer al usuario. El navegador del usuario memoriza cookies en el disco duro solamente durante la sesi\u00f3n actual ocupando un espacio de memoria m\u00ednimo y no perjudicando al ordenador. Las cookies no contienen ninguna clase de informaci\u00f3n personal espec\u00edfica, y la mayor\u00eda de las mismas se borran del disco duro al finalizar la sesi\u00f3n de navegador (las denominadas cookies de sesi\u00f3n).<\/p>\n<p>La mayor\u00eda de los navegadores aceptan como est\u00e1ndar a las cookies y, con independencia de las mismas, permiten o impiden en los ajustes de seguridad las cookies temporales o memorizadas.<\/p>\n<p>Sin su expreso consentimiento \u2013mediante la activaci\u00f3n de las cookies en su navegador\u2013 esta p\u00e1gina no enlazar\u00e1 en las cookies los datos memorizados con sus datos personales proporcionados en el momento del registro o la compra.<\/p>\n<p><strong>\u00bfQu\u00e9 tipos de cookies utiliza esta p\u00e1gina web?<\/strong><\/p>\n<ul>\n<li>Cookies t\u00e9cnicas: Son aqu\u00e9llas que permiten al usuario la navegaci\u00f3n a trav\u00e9s de una p\u00e1gina web, plataforma o aplicaci\u00f3n y la utilizaci\u00f3n de las diferentes opciones o servicios que en ella existan como, por ejemplo, controlar el tr\u00e1fico y la comunicaci\u00f3n de datos, identificar la sesi\u00f3n, acceder a partes de acceso restringido, recordar los elementos que integran un pedido, realizar el proceso de compra de un pedido, realizar la solicitud de inscripci\u00f3n o participaci\u00f3n en un evento, utilizar elementos de seguridad durante la navegaci\u00f3n, almacenar contenidos para la difusi\u00f3n de videos o sonido o compartir contenidos a trav\u00e9s de redes sociales.<\/li>\n<li>Cookies de personalizaci\u00f3n: Son aqu\u00e9llas que permiten al usuario acceder al servicio con algunas caracter\u00edsticas de car\u00e1cter general predefinidas en funci\u00f3n de una serie de criterios en el terminal del usuario como por ejemplo serian el idioma, el tipo de navegador a trav\u00e9s del cual accede al servicio, la configuraci\u00f3n regional desde donde accede al servicio, etc.<\/li>\n<li>Cookies de an\u00e1lisis: Son aqu\u00e9llas que bien tratadas por nosotros o por terceros, nos permiten cuantificar el n\u00famero de usuarios y as\u00ed realizar la medici\u00f3n y an\u00e1lisis estad\u00edstico de la utilizaci\u00f3n que hacen los usuarios del servicio ofertado. Para ello se analiza su navegaci\u00f3n en nuestra p\u00e1gina web con el fin de mejorar la oferta de productos o servicios que le ofrecemos.<\/li>\n<li>Cookies publicitarias: Son aqu\u00e9llas que, bien tratadas por nosotros o por terceros, nos permiten gestionar de la forma m\u00e1s eficaz posible la oferta de los espacios publicitarios que hay en la p\u00e1gina web, adecuando el contenido del anuncio al contenido del servicio solicitado o al uso que realice de nuestra p\u00e1gina web. Para ello podemos analizar sus h\u00e1bitos de navegaci\u00f3n en Internet y podemos mostrarle publicidad relacionada con su perfil de navegaci\u00f3n.<\/li>\n<li>Cookies de publicidad comportamental: Son aqu\u00e9llas que permiten la gesti\u00f3n, de la forma m\u00e1s eficaz posible, de los espacios publicitarios que, en su caso, el editor haya incluido en una p\u00e1gina web, aplicaci\u00f3n o plataforma desde la que presta el servicio solicitado. Estas cookies almacenan informaci\u00f3n del comportamiento de los usuarios obtenida a trav\u00e9s de la observaci\u00f3n continuada de sus h\u00e1bitos de navegaci\u00f3n, lo que permite desarrollar un perfil espec\u00edfico para mostrar publicidad en funci\u00f3n del mismo.<\/li>\n<\/ul>\n<h2>Cookies de terceros<\/h2>\n<p>Este sitio web puede utilizar\u00a0servicios de terceros que recopilar\u00e1n informaci\u00f3n con fines estad\u00edsticos, de uso del Site por parte del usuario y para la prestacion de otros servicios relacionados con la actividad del Website y otros servicios de Internet.<\/p>\n<p>En particular, este sitio Web utiliza:<\/p>\n<ul>\n<li>Las cookies de\u00a0<a title=\"cookies de Google Analytics\" href=\"http:\/\/www.google.com\/intl\/es\/analytics\/privacyoverview.html\" target=\"_blank\" rel=\"noopener noreferrer\">Google Analytics<\/a>: se utilizan con el fin de analizar y medir c\u00f3mo los visitantes usan este sitio web. La informaci\u00f3n sirve para elaborar informes que permiten mejorar este sitio. Estas\u00a0<em>cookies\u00a0<\/em>recopilan informaci\u00f3n en forma an\u00f3nima, incluyendo el n\u00famero de visitantes al sitio, c\u00f3mo han llegado al mismo y las p\u00e1ginas que visit\u00f3 mientras navegaba en nuestro sitio web.<\/li>\n<li>Las cookies de\u00a0<a title=\" cookies de Youtube\" href=\"https:\/\/support.google.com\/youtube\/answer\/2407785?hl=es-419\" target=\"_blank\" rel=\"noopener noreferrer\">Youtube<\/a>: se utilizan para contabilizar el n\u00famero de visualizaciones de los videos incrustados en otras web.<\/li>\n<li>Las cookies de\u00a0<a title=\"cookies de AddThis\" href=\"http:\/\/www.addthis.com\/privacy\" target=\"_blank\" rel=\"noopener noreferrer\">AddThis<\/a>: es una empresa tecnol\u00f3gica que permite a los sitios web y a sus usuarios compartir f\u00e1cilmente el contenido con los dem\u00e1s, a trav\u00e9s de iconos de intercambio y de los destinos de bookmarking social. Las cookies AddThis se utilizan con el fin de habilitar el contenido para ser compartido. AddThis tambi\u00e9n se utiliza para recopilar informaci\u00f3n sobre c\u00f3mo se comparte contenido del sitio web. Las cookies ayudan a identificar de forma \u00fanica a un usuario (aunque no de forma personal, sino en cuanto a direcci\u00f3n) para no repetir tareas dentro de un periodo de tiempo especificado.<\/li>\n<li>Otras cookies de personalizaci\u00f3n: Estas cookies permiten al usuario especificar o personalizar algunas caracter\u00edsticas de las opciones generales de la p\u00e1gina web. Por ejemplo, definir el idioma, configuraci\u00f3n regional o tipo de navegador.<a title=\"Addthis\" href=\"http:\/\/www.addthis.com\/privacy\" target=\"_blank\" rel=\"noopener noreferrer\">Addthis<\/a><br \/>\n<a title=\"Facebook\" href=\"https:\/\/es-es.facebook.com\/help\/cookies\" target=\"_blank\" rel=\"noopener noreferrer\">Facebook<\/a><br \/>\n<a title=\"Twitter\" href=\"https:\/\/twitter.com\/privacy\" target=\"_blank\" rel=\"noopener noreferrer\">Twitter<\/a><br \/>\n<a title=\"Google\" href=\"http:\/\/www.google.es\/intl\/es\/policies\/technologies\/types\/\" target=\"_blank\" rel=\"noopener noreferrer\">Google<\/a><br \/>\n<a title=\"YouTube\" href=\"https:\/\/support.google.com\/youtube\/answer\/2407785?hl=es-419\" target=\"_blank\" rel=\"noopener noreferrer\">YouTube<\/a>El Usuario acepta expresamente, por la utilizaci\u00f3n de este Site,\u00a0el tratamiento de la informaci\u00f3 \u00a0recabada en la forma y con los fines anteriormente mencionados.\u00a0Y asimismo reconoce conocer la posibilidad de rechazar el tratamiento de\u00a0tales datos o informaci\u00f3 \u00a0rechazando el uso de Cookies mediante la selecci\u00f3n de la configuraci\u00f3n apropiada a tal fin en su navegador. Si bien esta opci\u00f3n de bloqueo de Cookies en su navegador puede no permitirle el uso pleno de todas las funcionalidades del Website<\/li>\n<\/ul>\n<p>Puede permitir, bloquear o eliminar las cookies instaladas en su equipo mediante la configuraci\u00f3n de las opciones del navegador instalado en su ordenador:<\/p>\n<ul>\n<li><a href=\"http:\/\/support.google.com\/chrome\/bin\/answer.py?hl=es&amp;answer=95647\" target=\"_blank\" rel=\"noopener noreferrer\">Chrome<\/a><\/li>\n<li><a href=\"http:\/\/windows.microsoft.com\/es-es\/windows7\/how-to-manage-cookies-in-internet-explorer-9\" target=\"_blank\" rel=\"noopener noreferrer\">Explorer<\/a><\/li>\n<li><a href=\"http:\/\/support.mozilla.org\/es\/kb\/habilitar-y-deshabilitar-cookies-que-los-sitios-we\" target=\"_blank\" rel=\"noopener noreferrer\">Firefox<\/a><\/li>\n<li><a href=\"http:\/\/support.apple.com\/kb\/ph5042\" target=\"_blank\" rel=\"noopener noreferrer\">Safari<\/a><\/li>\n<\/ul>\n<p>Si tiene dudas sobre esta pol\u00edtica de cookies, puede contactar con nosotros en\u00a0<a title=\"mail cookies\" href=\"mailto:info@futurecobioscience.com\">info@futurecobioscience.com<\/a><\/p>\n","protected":false},"excerpt":{"rendered":"<p>\u00bfQu\u00e9 son las cookies? Cookie es un fichero que se descarga en su ordenador al acceder a determinadas p\u00e1ginas web. Las cookies permiten a una p\u00e1gina web, entre otras cosas, almacenar y recuperar informaci\u00f3n sobre los h\u00e1bitos de navegaci\u00f3n de un usuario o de su equipo y, dependiendo de la informaci\u00f3n que contengan y de [&hellip;]<\/p>\n","protected":false},"author":4,"featured_media":0,"parent":0,"menu_order":0,"comment_status":"closed","ping_status":"closed","template":"","meta":{"_acf_changed":false,"footnotes":""},"class_list":["post-252786","page","type-page","status-publish","hentry"],"acf":[],"_links":{"self":[{"href":"https:\/\/www.futurecobioscience.com\/pt-pt\/wp-json\/wp\/v2\/pages\/252786","targetHints":{"allow":["GET"]}}],"collection":[{"href":"https:\/\/www.futurecobioscience.com\/pt-pt\/wp-json\/wp\/v2\/pages"}],"about":[{"href":"https:\/\/www.futurecobioscience.com\/pt-pt\/wp-json\/wp\/v2\/types\/page"}],"author":[{"embeddable":true,"href":"https:\/\/www.futurecobioscience.com\/pt-pt\/wp-json\/wp\/v2\/users\/4"}],"replies":[{"embeddable":true,"href":"https:\/\/www.futurecobioscience.com\/pt-pt\/wp-json\/wp\/v2\/comments?post=252786"}],"version-history":[{"count":0,"href":"https:\/\/www.futurecobioscience.com\/pt-pt\/wp-json\/wp\/v2\/pages\/252786\/revisions"}],"wp:attachment":[{"href":"https:\/\/www.futurecobioscience.com\/pt-pt\/wp-json\/wp\/v2\/media?parent=252786"}],"curies":[{"name":"wp","href":"https:\/\/api.w.org\/{rel}","templated":true}]}}