{"id":249517,"date":"2020-07-01T10:42:08","date_gmt":"2020-07-01T09:42:08","guid":{"rendered":"https:\/\/www.futurecobioscience.com\/inicio\/"},"modified":"2025-12-11T20:28:20","modified_gmt":"2025-12-11T19:28:20","slug":"inicio-fr","status":"publish","type":"page","link":"https:\/\/www.futurecobioscience.com\/fr\/","title":{"rendered":"Futureco Bioscience"},"content":{"rendered":"<h1 class=\"wp-block-heading\">NOUS CR\u00c9ONS DE LA VALEUR \u00c0 PARTIR DE LA CONNAISSANCE<\/h1>PRODUCTOS PARA LA PROTECCI\u00d3N Y NUTRICI\u00d3N DE LOS CULTIVOS<div class=\"wp-block-buttons is-layout-flex wp-block-buttons-is-layout-flex\"><div class=\"wp-block-button\"><a class=\"wp-block-button__link\">D\u00e9couvrez-nous<\/a><\/div><\/div><h2 class=\"wp-block-heading\">Catalogue de produits biotechnologiques<\/h2><h3 class=\"wp-block-heading\">BIOCONTR\u00d4LE<\/h3><h3 class=\"wp-block-heading\">BIOSTIMULANT<\/h3><h3 class=\"wp-block-heading\">Actionneurs d\u2019ailes<\/h3><h3 class=\"wp-block-heading\">CORRECTEURS DE D\u00c9FICIENCE<\/h3><h3 class=\"wp-block-heading\">R\u00c9G\u00c9N\u00c9RATEURS DE SOLS<\/h3><figure class=\"wp-block-image size-full\"><img loading=\"lazy\" decoding=\"async\" width=\"170\" height=\"176\" src=\"https:\/\/www.futurecobioscience.com\/wp-content\/uploads\/2021\/09\/Trazado-51011.png\" alt=\"\" class=\"wp-image-240763\"><\/figure><h2 class=\"wp-block-heading\">Produits biotechnologiques pour une agriculture durable<\/h2><p>Cr\u00e9\u00e9e en 1993 et bas\u00e9e \u00e0 Ol\u00e8rdola (Barcelone), Futureco Bioscience est une entreprise agro-biotechnologique d\u00e9di\u00e9e \u00e0 la recherche et \u00e0 l\u2019innovation de produits pour la protection et la nutrition des cultures. Caract\u00e9ris\u00e9e depuis sa cr\u00e9ation par un investissement important en R+D et par une approche \u00e9cologique et durable, en vue de l\u2019agriculture r\u00e9g\u00e9n\u00e9ratrice, l\u2019entreprise se distingue par son organisation \u00ab interne \u00bb. D\u00e9veloppant et fabriquant ses propres produits biotechnologiques depuis son si\u00e8ge social et les commercialisant \u00e0 l\u2019\u00e9chelle mondiale : elle est pr\u00e9sente dans plus de 40 pays et compte des partenaires, collaborateurs et partenaires partout dans le monde.  <\/p><div class=\"wp-block-buttons is-layout-flex wp-block-buttons-is-layout-flex\"><div class=\"wp-block-button\"><a class=\"wp-block-button__link\">D\u00c9COUVREZ-NOUS<\/a><\/div><\/div><figure class=\"wp-block-embed-youtube wp-block-embed is-type-video is-provider-youtube\"><div class=\"wp-block-embed__wrapper\">https:\/\/www.youtube-nocookie.com\/watch?v=wIzQjnbym6w<\/div><\/figure>Innovaci\u00f3n <br\/>Sostenibilidad y Cultura Ambiental\nCalidad y Compromiso<figure class=\"wp-block-image size-full\"><img loading=\"lazy\" decoding=\"async\" width=\"255\" height=\"420\" src=\"https:\/\/www.futurecobioscience.com\/wp-content\/uploads\/2021\/09\/bg-2.png\" alt=\"\" class=\"wp-image-241105\" srcset=\"https:\/\/www.futurecobioscience.com\/wp-content\/uploads\/2021\/09\/bg-2.png 255w, https:\/\/www.futurecobioscience.com\/wp-content\/uploads\/2021\/09\/bg-2-182x300.png 182w\" sizes=\"auto, (max-width: 255px) 100vw, 255px\" \/><\/figure><figure class=\"wp-block-image size-full\"><img loading=\"lazy\" decoding=\"async\" width=\"340\" height=\"96\" src=\"https:\/\/www.futurecobioscience.com\/wp-content\/uploads\/2021\/09\/NoPath.png\" alt=\"\" class=\"wp-image-240832\" srcset=\"https:\/\/www.futurecobioscience.com\/wp-content\/uploads\/2021\/09\/NoPath.png 340w, https:\/\/www.futurecobioscience.com\/wp-content\/uploads\/2021\/09\/NoPath-300x85.png 300w\" sizes=\"auto, (max-width: 340px) 100vw, 340px\" \/><\/figure>MICROBIAL ENGINEERING APPLIED TO CROP PRODUCTION<div class=\"wp-block-buttons is-layout-flex wp-block-buttons-is-layout-flex\"><div class=\"wp-block-button\"><a class=\"wp-block-button__link\">POUR EN SAVOIR PLUS<\/a><\/div><\/div><h2 class=\"wp-block-heading\">Actualit\u00e9s et d\u00e9veloppements durables<\/h2><div class=\"wp-block-buttons is-layout-flex wp-block-buttons-is-layout-flex\"><div class=\"wp-block-button\"><a class=\"wp-block-button__link\">VOIR TOUT<\/a><\/div><\/div><figure class=\"wp-block-image size-large\"><img loading=\"lazy\" decoding=\"async\" width=\"1024\" height=\"538\" src=\"https:\/\/www.futurecobioscience.com\/wp-content\/uploads\/2022\/06\/op_home-1024x538.jpg\" alt=\"\" class=\"wp-image-245487\" srcset=\"https:\/\/www.futurecobioscience.com\/wp-content\/uploads\/2022\/06\/op_home-1024x538.jpg 1024w, https:\/\/www.futurecobioscience.com\/wp-content\/uploads\/2022\/06\/op_home-300x158.jpg 300w, https:\/\/www.futurecobioscience.com\/wp-content\/uploads\/2022\/06\/op_home-768x403.jpg 768w, https:\/\/www.futurecobioscience.com\/wp-content\/uploads\/2022\/06\/op_home-1080x567.jpg 1080w, https:\/\/www.futurecobioscience.com\/wp-content\/uploads\/2022\/06\/op_home-980x515.jpg 980w, https:\/\/www.futurecobioscience.com\/wp-content\/uploads\/2022\/06\/op_home-480x252.jpg 480w, https:\/\/www.futurecobioscience.com\/wp-content\/uploads\/2022\/06\/op_home-600x315.jpg 600w, https:\/\/www.futurecobioscience.com\/wp-content\/uploads\/2022\/06\/op_home.jpg 1200w\" sizes=\"auto, (max-width: 1024px) 100vw, 1024px\" \/><\/figure>{post_date}{post_title}<h2 class=\"wp-block-heading\">Produits biotechnologiques pr\u00e9sent\u00e9s<\/h2><h3 class=\"has-text-align-center wp-block-heading\">{post_title}<\/h3><figure class=\"wp-block-image size-large\"><a><img loading=\"lazy\" decoding=\"async\" width=\"1024\" height=\"538\" src=\"https:\/\/www.futurecobioscience.com\/wp-content\/uploads\/2022\/06\/op_home-1024x538.jpg\" alt=\"\" class=\"wp-image-245487\" srcset=\"https:\/\/www.futurecobioscience.com\/wp-content\/uploads\/2022\/06\/op_home-1024x538.jpg 1024w, https:\/\/www.futurecobioscience.com\/wp-content\/uploads\/2022\/06\/op_home-300x158.jpg 300w, https:\/\/www.futurecobioscience.com\/wp-content\/uploads\/2022\/06\/op_home-768x403.jpg 768w, https:\/\/www.futurecobioscience.com\/wp-content\/uploads\/2022\/06\/op_home-1080x567.jpg 1080w, https:\/\/www.futurecobioscience.com\/wp-content\/uploads\/2022\/06\/op_home-980x515.jpg 980w, https:\/\/www.futurecobioscience.com\/wp-content\/uploads\/2022\/06\/op_home-480x252.jpg 480w, https:\/\/www.futurecobioscience.com\/wp-content\/uploads\/2022\/06\/op_home-600x315.jpg 600w, https:\/\/www.futurecobioscience.com\/wp-content\/uploads\/2022\/06\/op_home.jpg 1200w\" sizes=\"auto, (max-width: 1024px) 100vw, 1024px\" \/><\/a><\/figure>{post_excerpt}<figure class=\"wp-block-image size-full\"><img loading=\"lazy\" decoding=\"async\" width=\"170\" height=\"176\" src=\"https:\/\/www.futurecobioscience.com\/wp-content\/uploads\/2021\/09\/Trazado-51011.png\" alt=\"\" class=\"wp-image-240763\"><\/figure>","protected":false},"excerpt":{"rendered":"<p>NOUS CR\u00c9ONS DE LA VALEUR \u00c0 PARTIR DE LA CONNAISSANCE PRODUCTOS PARA LA PROTECCI\u00d3N Y NUTRICI\u00d3N DE LOS CULTIVOS Catalogue de produits biotechnologiques BIOCONTR\u00d4LE BIOSTIMULANT Actionneurs d\u2019ailes CORRECTEURS DE D\u00c9FICIENCE R\u00c9G\u00c9N\u00c9RATEURS DE SOLS Produits biotechnologiques pour une agriculture durable Cr\u00e9\u00e9e en 1993 et bas\u00e9e \u00e0 Ol\u00e8rdola (Barcelone), Futureco Bioscience est une entreprise agro-biotechnologique d\u00e9di\u00e9e \u00e0 [&hellip;]<\/p>\n","protected":false},"author":3,"featured_media":0,"parent":0,"menu_order":0,"comment_status":"closed","ping_status":"closed","template":"","meta":{"_acf_changed":false,"footnotes":""},"class_list":["post-249517","page","type-page","status-publish","hentry"],"acf":[],"_links":{"self":[{"href":"https:\/\/www.futurecobioscience.com\/fr\/wp-json\/wp\/v2\/pages\/249517","targetHints":{"allow":["GET"]}}],"collection":[{"href":"https:\/\/www.futurecobioscience.com\/fr\/wp-json\/wp\/v2\/pages"}],"about":[{"href":"https:\/\/www.futurecobioscience.com\/fr\/wp-json\/wp\/v2\/types\/page"}],"author":[{"embeddable":true,"href":"https:\/\/www.futurecobioscience.com\/fr\/wp-json\/wp\/v2\/users\/3"}],"replies":[{"embeddable":true,"href":"https:\/\/www.futurecobioscience.com\/fr\/wp-json\/wp\/v2\/comments?post=249517"}],"version-history":[{"count":0,"href":"https:\/\/www.futurecobioscience.com\/fr\/wp-json\/wp\/v2\/pages\/249517\/revisions"}],"wp:attachment":[{"href":"https:\/\/www.futurecobioscience.com\/fr\/wp-json\/wp\/v2\/media?parent=249517"}],"curies":[{"name":"wp","href":"https:\/\/api.w.org\/{rel}","templated":true}]}}