{"id":249515,"date":"2020-07-01T11:32:16","date_gmt":"2020-07-01T10:32:16","guid":{"rendered":"https:\/\/www.futurecobioscience.com\/nota-legal\/"},"modified":"2024-06-20T21:25:05","modified_gmt":"2024-06-20T20:25:05","slug":"note-legale","status":"publish","type":"page","link":"https:\/\/www.futurecobioscience.com\/fr\/note-legale\/","title":{"rendered":"Note l\u00e9gale"},"content":{"rendered":"<p><strong>Informations fiscales<\/strong><\/p>\n<ul>\n<li>Titulaire : Futureco Bioscience<\/li>\n<li>NIF : A63471908<\/li>\n<li>Adresse : Av. del Cad\u00ed, 19-23 P.l. Sant Pere Molanta 08799 Ol\u00e8rdola, Barcelona Espa\u00f1a (ES)<\/li>\n<li>T\u00e9l\u00e9phone : +34 938 182 891<\/li>\n<\/ul>\n<p><strong>Protection des donn\u00e9es personnelles<\/strong><\/p>\n<p>Les informations \u00a0personnelles collect\u00e9es par le biais du site web ne sont utilis\u00e9es que dans le but de fournir les services demand\u00e9s et \u00e0 des fins de facturation. Vos donn\u00e9es seront stock\u00e9es dans des fichiers appartenant \u00e0 Futureco Bioscience \u00e0 des fins de facturation et seront archiv\u00e9es pendant la p\u00e9riode l\u00e9galement requise. Vous pouvez exercer vos droits d&rsquo;acc\u00e8s, de rectification, d&rsquo;annulation et d&rsquo;opposition en \u00e9crivant \u00e0 Futureco Bioscience, Av. del Cad\u00ed, 19-23 P.l. Sant Pere Molanta 08799 Ol\u00e8rdola, Barcelona Espa\u00f1a (ES).<\/p>\n<p><strong>Propri\u00e9t\u00e9 intellectuelle et responsabilit\u00e9 sur le contenu<\/strong><\/p>\n<p>Il est strictement interdit d&rsquo;utiliser tout le contenu du site web, y compris les textes, la conception et le code source, sans l&rsquo;autorisation expresse des propri\u00e9taires. Tout usage non autoris\u00e9 fera l&rsquo;objet de poursuites par les propri\u00e9taires l\u00e9gitimes.<\/p>\n<p>Le propri\u00e9taire du site d\u00e9cline toute responsabilit\u00e9 concernant le contenu des liens pr\u00e9sents sur le site, conform\u00e9ment \u00e0 l&rsquo;article 17 de la LSSICE.<\/p>\n","protected":false},"excerpt":{"rendered":"<p>Informations fiscales Titulaire : Futureco Bioscience NIF : A63471908 Adresse : Av. del Cad\u00ed, 19-23 P.l. Sant Pere Molanta 08799 Ol\u00e8rdola, Barcelona Espa\u00f1a (ES) T\u00e9l\u00e9phone : +34 938 182 891 Protection des donn\u00e9es personnelles Les informations \u00a0personnelles collect\u00e9es par le biais du site web ne sont utilis\u00e9es que dans le but de fournir les services [&hellip;]<\/p>\n","protected":false},"author":4,"featured_media":0,"parent":0,"menu_order":0,"comment_status":"closed","ping_status":"closed","template":"","meta":{"_acf_changed":false,"footnotes":""},"class_list":["post-249515","page","type-page","status-publish","hentry"],"acf":[],"_links":{"self":[{"href":"https:\/\/www.futurecobioscience.com\/fr\/wp-json\/wp\/v2\/pages\/249515","targetHints":{"allow":["GET"]}}],"collection":[{"href":"https:\/\/www.futurecobioscience.com\/fr\/wp-json\/wp\/v2\/pages"}],"about":[{"href":"https:\/\/www.futurecobioscience.com\/fr\/wp-json\/wp\/v2\/types\/page"}],"author":[{"embeddable":true,"href":"https:\/\/www.futurecobioscience.com\/fr\/wp-json\/wp\/v2\/users\/4"}],"replies":[{"embeddable":true,"href":"https:\/\/www.futurecobioscience.com\/fr\/wp-json\/wp\/v2\/comments?post=249515"}],"version-history":[{"count":0,"href":"https:\/\/www.futurecobioscience.com\/fr\/wp-json\/wp\/v2\/pages\/249515\/revisions"}],"wp:attachment":[{"href":"https:\/\/www.futurecobioscience.com\/fr\/wp-json\/wp\/v2\/media?parent=249515"}],"curies":[{"name":"wp","href":"https:\/\/api.w.org\/{rel}","templated":true}]}}