{"id":249513,"date":"2020-07-01T11:33:23","date_gmt":"2020-07-01T10:33:23","guid":{"rendered":"https:\/\/www.futurecobioscience.com\/politica-cookies\/"},"modified":"2024-06-20T20:46:37","modified_gmt":"2024-06-20T19:46:37","slug":"politique-cookies","status":"publish","type":"page","link":"https:\/\/www.futurecobioscience.com\/fr\/politique-cookies\/","title":{"rendered":"Politique de cookies"},"content":{"rendered":"<h2><strong>Que sont les cookies?<\/strong><\/h2>\n<p>Un cookie est un fichier qui est t\u00e9l\u00e9charg\u00e9 sur votre ordinateur lorsque vous acc\u00e9dez \u00e0 certaines pages web. Les cookies permettent \u00e0 un site web, entre autres, de stocker et de r\u00e9cup\u00e9rer des informations sur les habitudes de navigation d&rsquo;un utilisateur ou de son \u00e9quipement et, en fonction des informations qu&rsquo;ils contiennent et de la mani\u00e8re dont il utilise son \u00e9quipement, ils peuvent \u00eatre utilis\u00e9s pour reconna\u00eetre l&rsquo;utilisateur. Le navigateur de l&rsquo;utilisateur ne stocke les cookies sur le disque dur que pendant la session en cours, occupant un espace m\u00e9moire minimal et n&rsquo;endommageant pas l&rsquo;ordinateur. Les cookies ne contiennent aucune information personnelle sp\u00e9cifique et la plupart d&rsquo;entre eux sont supprim\u00e9s de votre disque dur \u00e0 la fin de votre session de navigation (cookies de session).<\/p>\n<p>La plupart des navigateurs acceptent les cookies de mani\u00e8re standard et, ind\u00e9pendamment d&rsquo;eux, autorisent ou emp\u00eachent les cookies temporaires ou stock\u00e9s dans les param\u00e8tres de s\u00e9curit\u00e9.<\/p>\n<p>Sans votre consentement expr\u00e8s &#8211; par l&rsquo;activation des cookies dans votre navigateur &#8211; cette page ne reliera pas dans les cookies les donn\u00e9es stock\u00e9es avec vos donn\u00e9es personnelles fournies au moment de l&rsquo;enregistrement ou de l&rsquo;achat.<\/p>\n<p><strong>Quels types de cookies ce site web utilise-t-il ?<\/strong><\/p>\n<ul>\n<li>Cookies techniques : Ce sont des cookies qui permettent \u00e0 l&rsquo;utilisateur de naviguer sur un site web, une plateforme ou une application et d&rsquo;utiliser les diff\u00e9rentes options ou services disponibles, tels que le contr\u00f4le du trafic et de la communication des donn\u00e9es, l&rsquo;identification de la session, l&rsquo;acc\u00e8s aux parties restreintes, la m\u00e9morisation des \u00e9l\u00e9ments d&rsquo;une commande, la r\u00e9alisation du processus d&rsquo;achat, la demande d&rsquo;inscription ou de participation \u00e0 un \u00e9v\u00e9nement, l&rsquo;utilisation d&rsquo;\u00e9l\u00e9ments de s\u00e9curit\u00e9 pendant la navigation, le stockage de contenus pour la diffusion de vid\u00e9os ou de sons, ou encore le partage de contenus sur les r\u00e9seaux sociaux.<\/li>\n<li>Cookies de personnalisation : Ces cookies permettent \u00e0 l&rsquo;utilisateur d&rsquo;acc\u00e9der au service avec certaines caract\u00e9ristiques g\u00e9n\u00e9rales pr\u00e9d\u00e9finies en fonction d&rsquo;une s\u00e9rie de crit\u00e8res dans le terminal de l&rsquo;utilisateur, tels que la langue, le type de navigateur utilis\u00e9 pour acc\u00e9der au service, la configuration r\u00e9gionale \u00e0 partir de laquelle on acc\u00e8de au service, etc.\u00a0\u00a0\u00a0\u00a0\u00a0\u00a0\u00a0\u00a0\u00a0\u00a0\u00a0\u00a0\u00a0\u00a0\u00a0\u00a0\u00a0\u00a0\u00a0\u00a0\u00a0\u00a0\u00a0<\/li>\n<li>Cookies d&rsquo;analyse : Il s&rsquo;agit de cookies qui sont trait\u00e9s par nous-m\u00eames ou par des tiers et qui nous permettent de quantifier le nombre d&rsquo;utilisateurs et de proc\u00e9der ainsi \u00e0 la mesure et \u00e0 l&rsquo;analyse statistique de l&rsquo;utilisation faite par les utilisateurs du service offert. \u00c0 cette fin, votre navigation sur notre site web est analys\u00e9e afin d&rsquo;am\u00e9liorer l&rsquo;offre de produits ou de services que nous vous proposons.\u00a0\u00a0\u00a0\u00a0\u00a0\u00a0\u00a0\u00a0\u00a0\u00a0\u00a0\u00a0\u00a0\u00a0\u00a0\u00a0\u00a0\u00a0\u00a0\u00a0\u00a0\u00a0\u00a0<\/li>\n<li>Cookies publicitaires : Ce sont ceux qui, trait\u00e9s par nous-m\u00eames ou par des tiers, nous permettent de g\u00e9rer le plus efficacement possible l&rsquo;offre d&rsquo;espaces publicitaires sur le site web, en adaptant le contenu de la publicit\u00e9 au contenu du service demand\u00e9 ou \u00e0 l&rsquo;utilisation que vous faites de notre site web. \u00c0 cette fin, nous pouvons analyser vos habitudes de navigation sur Internet et vous montrer de la publicit\u00e9 li\u00e9e \u00e0 votre profil de navigation.<\/li>\n<li>Cookies de publicit\u00e9 comportementale : Ces cookies permettent de g\u00e9rer, de la mani\u00e8re la plus efficace possible, les espaces publicitaires que, le cas \u00e9ch\u00e9ant, l&rsquo;\u00e9diteur a inclus sur un site web, une application ou une plateforme \u00e0 partir de laquelle le service demand\u00e9 est fourni. Ces cookies stockent des informations sur le comportement des utilisateurs obtenues gr\u00e2ce \u00e0 l&rsquo;observation continue de leurs habitudes de navigation, ce qui permet de d\u00e9velopper un profil sp\u00e9cifique afin d&rsquo;afficher des publicit\u00e9s bas\u00e9es sur ce dernier.<\/li>\n<\/ul>\n<p><strong>\u00a0<\/strong><\/p>\n<h2><strong>Cookies de tiers<\/strong>\u00a0\u00a0\u00a0\u00a0\u00a0\u00a0\u00a0\u00a0\u00a0\u00a0\u00a0\u00a0\u00a0\u00a0\u00a0\u00a0\u00a0\u00a0\u00a0<\/h2>\n<p>Ce site web peut faire appel \u00e0 des services tiers pour collecter des informations \u00e0 des fins statistiques, analyser l&rsquo;utilisation du site par les utilisateurs, et fournir d&rsquo;autres services li\u00e9s \u00e0 l&rsquo;activit\u00e9 du site web ainsi qu&rsquo;\u00e0 d&rsquo;autres services Internet.<\/p>\n<p>En particulier, ce site utilise :<\/p>\n<ul>\n<li>Les cookies de <a href=\"http:\/\/www.google.com\/intl\/es\/analytics\/privacyoverview.html\" target=\"_blank\" rel=\"noopener\">Google Analytics<\/a> : ils sont utilis\u00e9s dans le but d&rsquo;analyser et de mesurer l&rsquo;utilisation de ce site par les visiteurs. Les informations sont utilis\u00e9es pour compiler des rapports afin d&rsquo;am\u00e9liorer ce site. Ces cookies collectent des informations sous forme anonyme, notamment le nombre de visiteurs du site, la mani\u00e8re dont ils sont arriv\u00e9s sur le site et les pages qu&rsquo;ils ont visit\u00e9es en naviguant sur notre site.<\/li>\n<li>Les cookies deYoutube : sont utilis\u00e9s pour compter le nombre de vues des vid\u00e9os int\u00e9gr\u00e9es dans d&rsquo;autres sites web.<\/li>\n<li>Les cookies d&rsquo;AddThis : il s&rsquo;agit d&rsquo;une soci\u00e9t\u00e9 technologique qui permet aux sites web et \u00e0 leurs utilisateurs de partager facilement du contenu avec d&rsquo;autres, par le biais d&rsquo;ic\u00f4nes de partage et de destinations de bookmarking social. Les cookies d&rsquo;AddThis sont utilis\u00e9s pour permettre le partage de contenu. AddThis est \u00e9galement utilis\u00e9 pour collecter des informations sur la mani\u00e8re dont le contenu est partag\u00e9 sur le site web. Les cookies permettent d&rsquo;identifier un utilisateur de mani\u00e8re unique (pas personnellement, mais en termes d&rsquo;adresse) afin de ne pas r\u00e9p\u00e9ter les t\u00e2ches au cours d&rsquo;une p\u00e9riode donn\u00e9e.\u00a0 \u00a0 \u00a0 \u00a0 \u00a0 \u00a0 \u00a0 \u00a0 \u00a0 \u00a0 \u00a0<\/li>\n<li>Autres cookies de personnalisation : Ces cookies permettent \u00e0 l&rsquo;utilisateur de sp\u00e9cifier ou de personnaliser certaines caract\u00e9ristiques des options g\u00e9n\u00e9rales du site web. Par exemple, pour d\u00e9finir la langue, les param\u00e8tres r\u00e9gionaux ou le type de navigateur. <a href=\"http:\/\/www.addthis.com\/privacy\" target=\"_blank\" rel=\"noopener\">Addthis<\/a>.<\/li>\n<\/ul>\n<p>\u00a0\u00a0\u00a0\u00a0\u00a0\u00a0\u00a0\u00a0\u00a0\u00a0\u00a0\u00a0\u00a0\u00a0\u00a0\u00a0\u00a0\u00a0\u00a0\u00a0\u00a0\u00a0\u00a0<\/p>\n<p><a href=\"https:\/\/es-es.facebook.com\/help\/cookies\" target=\"_blank\" rel=\"noopener\">Facebook<\/a><\/p>\n<p><a href=\"https:\/\/twitter.com\/privacy\" target=\"_blank\" rel=\"noopener\">Twitter<\/a><\/p>\n<p><a href=\"http:\/\/www.google.es\/intl\/es\/policies\/technologies\/types\/\" target=\"_blank\" rel=\"noopener\">Google<\/a><\/p>\n<p>YouTubeL&rsquo;utilisateur accepte express\u00e9ment, en utilisant ce site, le traitement des informations collect\u00e9es de la mani\u00e8re et aux fins susmentionn\u00e9es.Vous reconnaissez \u00e9galement avoir connaissance de la possibilit\u00e9 de refuser le traitement de ces donn\u00e9es ou informations en refusant l&rsquo;utilisation des cookies en s\u00e9lectionnant les param\u00e8tres appropri\u00e9s \u00e0 cet effet dans votre navigateur. Bien que cette option de blocage des cookies dans votre navigateur puisse ne pas vous permettre d&rsquo;utiliser pleinement toutes les fonctionnalit\u00e9s du site web.<\/p>\n<p>\u00a0<\/p>\n<p>Vous pouvez autoriser, bloquer ou supprimer les cookies install\u00e9s sur votre ordinateur en configurant les options du navigateur install\u00e9 sur votre ordinateur:<\/p>\n<ul>\n<li><a href=\"http:\/\/support.google.com\/chrome\/bin\/answer.py?hl=es&amp;answer=95647\" target=\"_blank\" rel=\"noopener\">Chrome<\/a><\/li>\n<li><a href=\"http:\/\/windows.microsoft.com\/es-es\/windows7\/how-to-manage-cookies-in-internet-explorer-9\" target=\"_blank\" rel=\"noopener\">Explorer<\/a><\/li>\n<li><a href=\"http:\/\/support.mozilla.org\/es\/kb\/habilitar-y-deshabilitar-cookies-que-los-sitios-we\" target=\"_blank\" rel=\"noopener\">Firefox<\/a><\/li>\n<li><a href=\"_wp_link_placeholder\" data-wplink-edit=\"true\">Safari<\/a><\/li>\n<\/ul>\n<p>Pour toute question concernant cette politique de cookies, vous pouvez nous contacter \u00e0 l&rsquo;adresse suivante : info@futurecobioscience.com.<\/p>\n\n\n<p><\/p>\n","protected":false},"excerpt":{"rendered":"<p>Que sont les cookies? Un cookie est un fichier qui est t\u00e9l\u00e9charg\u00e9 sur votre ordinateur lorsque vous acc\u00e9dez \u00e0 certaines pages web. Les cookies permettent \u00e0 un site web, entre autres, de stocker et de r\u00e9cup\u00e9rer des informations sur les habitudes de navigation d&rsquo;un utilisateur ou de son \u00e9quipement et, en fonction des informations qu&rsquo;ils [&hellip;]<\/p>\n","protected":false},"author":4,"featured_media":0,"parent":0,"menu_order":0,"comment_status":"closed","ping_status":"closed","template":"","meta":{"_acf_changed":false,"footnotes":""},"class_list":["post-249513","page","type-page","status-publish","hentry"],"acf":[],"_links":{"self":[{"href":"https:\/\/www.futurecobioscience.com\/fr\/wp-json\/wp\/v2\/pages\/249513","targetHints":{"allow":["GET"]}}],"collection":[{"href":"https:\/\/www.futurecobioscience.com\/fr\/wp-json\/wp\/v2\/pages"}],"about":[{"href":"https:\/\/www.futurecobioscience.com\/fr\/wp-json\/wp\/v2\/types\/page"}],"author":[{"embeddable":true,"href":"https:\/\/www.futurecobioscience.com\/fr\/wp-json\/wp\/v2\/users\/4"}],"replies":[{"embeddable":true,"href":"https:\/\/www.futurecobioscience.com\/fr\/wp-json\/wp\/v2\/comments?post=249513"}],"version-history":[{"count":0,"href":"https:\/\/www.futurecobioscience.com\/fr\/wp-json\/wp\/v2\/pages\/249513\/revisions"}],"wp:attachment":[{"href":"https:\/\/www.futurecobioscience.com\/fr\/wp-json\/wp\/v2\/media?parent=249513"}],"curies":[{"name":"wp","href":"https:\/\/api.w.org\/{rel}","templated":true}]}}