{"id":249511,"date":"2020-05-13T10:33:39","date_gmt":"2020-05-13T09:33:39","guid":{"rendered":"https:\/\/www.futurecobioscience.com\/politica-privacidad\/"},"modified":"2024-06-20T21:27:43","modified_gmt":"2024-06-20T20:27:43","slug":"politique-confidentialite","status":"publish","type":"page","link":"https:\/\/www.futurecobioscience.com\/fr\/politique-confidentialite\/","title":{"rendered":"Politique de confidentialit\u00e9"},"content":{"rendered":"<p>La confidentialit\u00e9 et la s\u00e9curit\u00e9 sont des valeurs fondamentales de Futureco Bioscience et, par cons\u00e9quent, nous nous engageons \u00e0 garantir la confidentialit\u00e9 de l&rsquo;utilisateur \u00e0 tout moment et \u00e0 ne pas collecter d&rsquo;informations inutiles. Ci-dessous, nous vous fournissons toutes les informations n\u00e9cessaires sur notre politique de confidentialit\u00e9 en ce qui concerne les donn\u00e9es personnelles que nous recueillons, en expliquant :<\/p>\n<ul>\n<li>Qui est responsable du traitement de vos donn\u00e9es.<\/li>\n<li>\u00c0 quelles fins nous collectons les donn\u00e9es que nous vous demandons.<\/li>\n<li>Quelle est la l\u00e9gitimit\u00e9 de leur traitement.<\/li>\n<li>Pendant combien de temps nous les conservons.<\/li>\n<li>\u00c0 quels destinataires vos donn\u00e9es sont-elles communiqu\u00e9es ?<\/li>\n<li>Quels sont vos droits ?<\/li>\n<\/ul>\n<p><strong>1.<\/strong> <strong>Partie responsable:<\/strong><\/p>\n<p>Futureco Bioscience (A63471908)<\/p>\n<ul>\n<li>Av. del Cad\u00ed, 19-23 P.l. Sant Pere Molanta 08799 Ol\u00e8rdola, Barcelona Espa\u00f1a (ES)<\/li>\n<li>e-mail: <a href=\"mailto:info@futurecobioscience.com\">info@futurecobioscience.com<\/a><\/li>\n<\/ul>\n<p><strong>2. Finalit\u00e9s, l\u00e9gitimation et conservation du traitement des donn\u00e9es envoy\u00e9es par:<\/strong><\/p>\n<ul>\n<li>LE FORMULAIRE DE CONTACT.<\/li>\n<\/ul>\n<p>Finalit\u00e9: Vous fournir un moyen de nous contacter et de r\u00e9pondre \u00e0 vos demandes d&rsquo;informations, ainsi que de vous envoyer des communications sur nos produits, services et activit\u00e9s, y compris par voie \u00e9lectronique (e-mail, SMS, WhatsApp), si vous cochez la case d&rsquo;acceptation.<\/p>\n<p>L\u00e9gitimation: Le consentement de l&rsquo;utilisateur lorsqu&rsquo;il nous demande des informations via notre formulaire de contact et qu&rsquo;il coche la case pour accepter l&rsquo;envoi d&rsquo;informations.<\/p>\n<p>Conservation: Une fois votre demande re\u00e7ue via notre formulaire ou r\u00e9pondue par e-mail, si elle n&rsquo;a pas g\u00e9n\u00e9r\u00e9 un nouveau traitement, et dans le cas o\u00f9 vous avez accept\u00e9 de recevoir des mailings commerciaux, jusqu&rsquo;\u00e0 ce que vous demandiez \u00e0 vous en d\u00e9sinscrire.<\/p>\n<ul>\n<li>L&rsquo;ENVOI DE COURRIERS \u00c9LECTRONIQUES.<\/li>\n<\/ul>\n<p>Finalit\u00e9: R\u00e9pondre \u00e0 vos demandes d&rsquo;information, traiter vos demandes et r\u00e9pondre \u00e0 vos interrogations ou doutes.<\/p>\n<p>L\u00e9gitimation: Le consentement de l&rsquo;utilisateur lorsqu&rsquo;il nous demande des informations par le biais de l&rsquo;adresse \u00e9lectronique.<\/p>\n<p>Conservation: Une fois que votre demande par courrier \u00e9lectronique a \u00e9t\u00e9 trait\u00e9e, si elle n&rsquo;a pas donn\u00e9 lieu \u00e0 un traitement ult\u00e9rieur.<\/p>\n<ul>\n<li>ENVOI DU CURRICULUM VITAE PAR COURRIER \u00c9LECTRONIQUE<\/li>\n<\/ul>\n<p>Finalit\u00e9: Disposer de votre curriculum pour participer \u00e0 nos processus de s\u00e9lection du personnel.<\/p>\n<p>L\u00e9gitimation: Le consentement de l&rsquo;utilisateur lors de l&rsquo;envoi de ses informations personnelles et de son CV pour nos processus de s\u00e9lection du personnel.<\/p>\n<p>Conservation: Pendant le d\u00e9veloppement des processus de recrutement ouverts et pendant 1 an pour les processus futurs.<\/p>\n<ol start=\"3\">\n<li><strong> Destinataires de vos donn\u00e9es<\/strong><\/li>\n<\/ol>\n<p>Vos donn\u00e9es sont confidentielles et ne seront pas transmises \u00e0 des tiers, sauf en cas d&rsquo;obligation l\u00e9gale.<\/p>\n<ol start=\"4\">\n<li><strong> Droits relatifs \u00e0 vos donn\u00e9es personnelles<\/strong><\/li>\n<\/ol>\n<p>Toute personne peut retirer son consentement \u00e0 tout moment, lorsque ce consentement a \u00e9t\u00e9 donn\u00e9 pour le traitement de ses donn\u00e9es. En aucun cas le retrait de ce consentement ne conditionne l&rsquo;ex\u00e9cution du contrat d&rsquo;abonnement ou des relations pr\u00e9c\u00e9demment nou\u00e9es.<\/p>\n<p>Vous pouvez \u00e9galement exercer les droits suivants :<\/p>\n<ul>\n<li>Demander l&rsquo;acc\u00e8s ou la rectification de vos donn\u00e9es personnelles si elles sont inexactes.<\/li>\n<li>Demander leur suppression lorsque, entre autres raisons, les donn\u00e9es ne sont plus n\u00e9cessaires aux fins pour lesquelles elles ont \u00e9t\u00e9 collect\u00e9es.<\/li>\n<li>Demander la restriction du traitement dans certaines circonstances.<\/li>\n<li>Demander l&rsquo;opposition au traitement de vos donn\u00e9es pour des raisons tenant \u00e0 votre situation particuli\u00e8re.<\/li>\n<li>Demander la portabilit\u00e9 des donn\u00e9es dans les cas pr\u00e9vus par la r\u00e9glementation.<\/li>\n<li>D&rsquo;autres droits reconnus par la r\u00e9glementation applicable.<\/li>\n<\/ul>\n<p>O\u00f9 et comment demander vos droits : En \u00e9crivant au responsable du traitement \u00e0 l&rsquo;adresse postale ou \u00e9lectronique (indiqu\u00e9e dans la section A), en indiquant la r\u00e9f\u00e9rence \u00ab Donn\u00e9es personnelles \u00bb, en pr\u00e9cisant le droit que vous souhaitez exercer et pour quelles donn\u00e9es personnelles.<\/p>\n<p>En cas de d\u00e9saccord avec la soci\u00e9t\u00e9 concernant le traitement de vos donn\u00e9es, vous pouvez introduire une r\u00e9clamation aupr\u00e8s de l&rsquo;Autorit\u00e9 de protection des donn\u00e9es (<a href=\"http:\/\/www.agpd.es\" target=\"_blank\" rel=\"noopener\">www.agpd.es<\/a>).<\/p>\n<ol start=\"5\">\n<li><strong>Cookies<\/strong><\/li>\n<\/ol>\n<p>Ce site web utilise uniquement des cookies techniques, de personnalisation et d&rsquo;analyse propres et de tiers (Google Analytics), qui ne traitent en aucun cas les donn\u00e9es personnelles et ne capturent pas les habitudes de navigation \u00e0 des fins publicitaires.<\/p>\n<p>Par cons\u00e9quent, en acc\u00e9dant \u00e0 notre site, conform\u00e9ment \u00e0 l&rsquo;article 22 de la loi sur les services de la soci\u00e9t\u00e9 de l&rsquo;information, lors du traitement des cookies d&rsquo;analyse, nous avons demand\u00e9 votre consentement pour leur utilisation et fourni des informations \u00e0 leur sujet, qui seront de toute fa\u00e7on install\u00e9es apr\u00e8s un d\u00e9lai raisonnable afin que l&rsquo;utilisateur ait le temps de d\u00e9cider s&rsquo;il souhaite donner son consentement ou non.<\/p>\n<ol start=\"6\">\n<li><strong>S\u00e9curit\u00e9 de vos donn\u00e9es personnelles<\/strong><\/li>\n<\/ol>\n<p>Afin de garantir la s\u00e9curit\u00e9 de vos donn\u00e9es personnelles, nous vous informons que nous avons adopt\u00e9 toutes les mesures techniques et organisationnelles n\u00e9cessaires pour garantir la s\u00e9curit\u00e9 des donn\u00e9es personnelles fournies contre l&rsquo;alt\u00e9ration, la perte, le traitement ou l&rsquo;acc\u00e8s non autoris\u00e9.<\/p>\n<ol start=\"7\">\n<li><strong>Mise \u00e0 jour de vos donn\u00e9es<\/strong><\/li>\n<\/ol>\n<p>Afin que nous puissions tenir vos donn\u00e9es personnelles \u00e0 jour, il est important que vous nous informiez de toute modification de vos donn\u00e9es personnelles, faute de quoi nous ne pourrons \u00eatre tenus responsables de l&rsquo;exactitude des donn\u00e9es.<\/p>\n<p>Nous ne sommes pas responsables de la politique de confidentialit\u00e9 concernant les donn\u00e9es personnelles que vous pouvez fournir \u00e0 des tiers par le biais de liens disponibles sur notre site web.<\/p>\n<p>La pr\u00e9sente politique de confidentialit\u00e9 peut \u00eatre modifi\u00e9e afin de l&rsquo;adapter \u00e0 tout changement pouvant survenir sur notre site web, ainsi qu&rsquo;\u00e0 toute modification l\u00e9gislative ou jurisprudentielle sur les donn\u00e9es personnelles qui pourrait appara\u00eetre, c&rsquo;est pourquoi elle doit \u00eatre lue chaque fois que vous nous fournissez vos donn\u00e9es par le biais de ce site web.<\/p>\n","protected":false},"excerpt":{"rendered":"<p>La confidentialit\u00e9 et la s\u00e9curit\u00e9 sont des valeurs fondamentales de Futureco Bioscience et, par cons\u00e9quent, nous nous engageons \u00e0 garantir la confidentialit\u00e9 de l&rsquo;utilisateur \u00e0 tout moment et \u00e0 ne pas collecter d&rsquo;informations inutiles. Ci-dessous, nous vous fournissons toutes les informations n\u00e9cessaires sur notre politique de confidentialit\u00e9 en ce qui concerne les donn\u00e9es personnelles que [&hellip;]<\/p>\n","protected":false},"author":4,"featured_media":0,"parent":0,"menu_order":0,"comment_status":"closed","ping_status":"open","template":"","meta":{"_acf_changed":false,"footnotes":""},"class_list":["post-249511","page","type-page","status-publish","hentry"],"acf":[],"_links":{"self":[{"href":"https:\/\/www.futurecobioscience.com\/fr\/wp-json\/wp\/v2\/pages\/249511","targetHints":{"allow":["GET"]}}],"collection":[{"href":"https:\/\/www.futurecobioscience.com\/fr\/wp-json\/wp\/v2\/pages"}],"about":[{"href":"https:\/\/www.futurecobioscience.com\/fr\/wp-json\/wp\/v2\/types\/page"}],"author":[{"embeddable":true,"href":"https:\/\/www.futurecobioscience.com\/fr\/wp-json\/wp\/v2\/users\/4"}],"replies":[{"embeddable":true,"href":"https:\/\/www.futurecobioscience.com\/fr\/wp-json\/wp\/v2\/comments?post=249511"}],"version-history":[{"count":0,"href":"https:\/\/www.futurecobioscience.com\/fr\/wp-json\/wp\/v2\/pages\/249511\/revisions"}],"wp:attachment":[{"href":"https:\/\/www.futurecobioscience.com\/fr\/wp-json\/wp\/v2\/media?parent=249511"}],"curies":[{"name":"wp","href":"https:\/\/api.w.org\/{rel}","templated":true}]}}