{"id":247801,"date":"2020-07-01T11:32:16","date_gmt":"2020-07-01T10:32:16","guid":{"rendered":"https:\/\/www.futurecobioscience.com\/legal-note\/"},"modified":"2024-04-12T18:03:31","modified_gmt":"2024-04-12T17:03:31","slug":"legal-note","status":"publish","type":"page","link":"https:\/\/www.futurecobioscience.com\/en\/legal-note\/","title":{"rendered":"Legal note"},"content":{"rendered":"<p><strong>Tax information<\/strong><\/p>\n<ul>\n<li>Holder: Futureco Bioscience<\/li>\n<li>NIF: A63471908<\/li>\n<li>Address: Av. del Cad\u00ed, 19-23 P.l. Sant Pere Molanta 08799 Ol\u00e8rdola, Barcelona Espa\u00f1a (ES)<\/li>\n<li>Phone: +34 938 182 891<\/li>\n<\/ul>\n<p><strong>Protection of personal data<\/strong><\/p>\n<p>The personal data collected through the website are only used for the purpose of providing the services requested and for billing purposes. Your data will be stored in files owned by Futureco Bioscience for billing purposes and will be archived for the legally required period of time. You may exercise your rights of access, rectification, cancellation and opposition by writing to Futureco Bioscience at Av. del Cad\u00ed, 19-23 P.l. Sant Pere Molanta 08799 Ol\u00e8rdola, Barcelona Espa\u00f1a (ES) .<\/p>\n<p><strong>Intellectual property and responsibility over content<\/strong><\/p>\n<p>Any use of the entire contents of the website, in particular the texts, design and source code, is prohibited without the express authorisation of the owners. Any unauthorised use will be duly prosecuted by the rightful owners.<\/p>\n<p>The owner of the website is not responsible for the contents of the links located on the website, in accordance with the provisions of article 17 of the LSSICE.<\/p>\n","protected":false},"excerpt":{"rendered":"<p>Tax information Holder: Futureco Bioscience NIF: A63471908 Address: Av. del Cad\u00ed, 19-23 P.l. Sant Pere Molanta 08799 Ol\u00e8rdola, Barcelona Espa\u00f1a (ES) Phone: +34 938 182 891 Protection of personal data The personal data collected through the website are only used for the purpose of providing the services requested and for billing purposes. Your data will [&hellip;]<\/p>\n","protected":false},"author":4,"featured_media":0,"parent":0,"menu_order":0,"comment_status":"closed","ping_status":"closed","template":"","meta":{"_acf_changed":false,"footnotes":""},"class_list":["post-247801","page","type-page","status-publish","hentry"],"acf":[],"_links":{"self":[{"href":"https:\/\/www.futurecobioscience.com\/en\/wp-json\/wp\/v2\/pages\/247801","targetHints":{"allow":["GET"]}}],"collection":[{"href":"https:\/\/www.futurecobioscience.com\/en\/wp-json\/wp\/v2\/pages"}],"about":[{"href":"https:\/\/www.futurecobioscience.com\/en\/wp-json\/wp\/v2\/types\/page"}],"author":[{"embeddable":true,"href":"https:\/\/www.futurecobioscience.com\/en\/wp-json\/wp\/v2\/users\/4"}],"replies":[{"embeddable":true,"href":"https:\/\/www.futurecobioscience.com\/en\/wp-json\/wp\/v2\/comments?post=247801"}],"version-history":[{"count":0,"href":"https:\/\/www.futurecobioscience.com\/en\/wp-json\/wp\/v2\/pages\/247801\/revisions"}],"wp:attachment":[{"href":"https:\/\/www.futurecobioscience.com\/en\/wp-json\/wp\/v2\/media?parent=247801"}],"curies":[{"name":"wp","href":"https:\/\/api.w.org\/{rel}","templated":true}]}}